{"id":63,"date":"2019-06-19T08:54:46","date_gmt":"2019-06-19T08:54:46","guid":{"rendered":"https:\/\/jupiterx.artbees.net\/automobile\/?page_id=63"},"modified":"2024-08-07T00:37:10","modified_gmt":"2024-08-06T22:37:10","slug":"schoolmobility","status":"publish","type":"page","link":"https:\/\/healthyproductsllc.com\/index.php\/schoolmobility\/","title":{"rendered":"SCHOOL MOBILITY"},"content":{"rendered":"\t\t<div data-elementor-type=\"wp-post\" data-elementor-id=\"63\" class=\"elementor elementor-63\">\n\t\t\t\t\t\t<section class=\"elementor-section elementor-top-section elementor-element elementor-element-69b133d elementor-section-height-min-height elementor-section-boxed elementor-section-height-default elementor-section-items-middle\" data-id=\"69b133d\" data-element_type=\"section\" data-settings=\"{&quot;background_background&quot;:&quot;classic&quot;}\">\n\t\t\t\t\t\t\t<div class=\"elementor-background-overlay\"><\/div>\n\t\t\t\t\t\t\t<div class=\"elementor-container elementor-column-gap-default\">\n\t\t\t\t\t<div class=\"elementor-column elementor-col-100 elementor-top-column elementor-element elementor-element-683475d\" data-id=\"683475d\" data-element_type=\"column\">\n\t\t\t<div class=\"elementor-widget-wrap elementor-element-populated\">\n\t\t\t\t\t\t<div class=\"elementor-element elementor-element-3dae847 elementor-widget elementor-widget-heading\" data-id=\"3dae847\" data-element_type=\"widget\" data-widget_type=\"heading.default\">\n\t\t\t\t<div class=\"elementor-widget-container\">\n\t\t\t\t\t<h1 class=\"elementor-heading-title elementor-size-default\">School mobility: solutions for students with specific requirements.<\/h1>\t\t\t\t<\/div>\n\t\t\t\t<\/div>\n\t\t\t\t\t<\/div>\n\t\t<\/div>\n\t\t\t\t\t<\/div>\n\t\t<\/section>\n\t\t<div class=\"elementor-element elementor-element-d381d7a e-flex e-con-boxed e-con e-parent\" data-id=\"d381d7a\" data-element_type=\"container\">\n\t\t\t\t\t<div class=\"e-con-inner\">\n\t\t\t\t<div class=\"elementor-element elementor-element-1a8a083 elementor-widget elementor-widget-spacer\" data-id=\"1a8a083\" data-element_type=\"widget\" data-widget_type=\"spacer.default\">\n\t\t\t\t<div class=\"elementor-widget-container\">\n\t\t\t\t\t\t\t<div class=\"elementor-spacer\">\n\t\t\t<div class=\"elementor-spacer-inner\"><\/div>\n\t\t<\/div>\n\t\t\t\t\t\t<\/div>\n\t\t\t\t<\/div>\n\t\t\t\t\t<\/div>\n\t\t\t\t<\/div>\n\t\t\t\t<section class=\"elementor-section elementor-top-section elementor-element elementor-element-5825b18 elementor-section-boxed elementor-section-height-default elementor-section-height-default\" data-id=\"5825b18\" data-element_type=\"section\">\n\t\t\t\t\t\t<div class=\"elementor-container elementor-column-gap-default\">\n\t\t\t\t\t<div class=\"elementor-column elementor-col-100 elementor-top-column elementor-element elementor-element-66c79f3\" data-id=\"66c79f3\" data-element_type=\"column\">\n\t\t\t<div class=\"elementor-widget-wrap elementor-element-populated\">\n\t\t\t\t\t\t<div class=\"elementor-element elementor-element-32759c1 elementor-widget elementor-widget-text-editor\" data-id=\"32759c1\" data-element_type=\"widget\" data-widget_type=\"text-editor.default\">\n\t\t\t\t<div class=\"elementor-widget-container\">\n\t\t\t\t\t\t\t\t\t<p class=\"Fuente_Might\"><strong>Safe Drive Services<\/strong>\u00a0 Tu socio en el transporte escolar personalizado para ni\u00f1os con necesidades especiales. Nuestros veh\u00edculos de peque\u00f1a capacidad garantizan una atenci\u00f3n individualizada y segura.<\/p>\t\t\t\t\t\t\t\t<\/div>\n\t\t\t\t<\/div>\n\t\t\t\t\t<\/div>\n\t\t<\/div>\n\t\t\t\t\t<\/div>\n\t\t<\/section>\n\t\t<div class=\"elementor-element elementor-element-4614447 e-flex e-con-boxed e-con e-parent\" data-id=\"4614447\" data-element_type=\"container\" data-settings=\"{&quot;background_background&quot;:&quot;classic&quot;}\">\n\t\t\t\t\t<div class=\"e-con-inner\">\n\t\t<div class=\"elementor-element elementor-element-0694a81 e-grid e-con-full e-con e-child\" data-id=\"0694a81\" data-element_type=\"container\">\n\t\t<div class=\"elementor-element elementor-element-cee29d1 e-flex e-con-boxed e-con e-child\" data-id=\"cee29d1\" data-element_type=\"container\">\n\t\t\t\t\t<div class=\"e-con-inner\">\n\t\t\t\t<div class=\"elementor-element elementor-element-0e59df8 elementor-widget elementor-widget-heading\" data-id=\"0e59df8\" data-element_type=\"widget\" data-widget_type=\"heading.default\">\n\t\t\t\t<div class=\"elementor-widget-container\">\n\t\t\t\t\t<h2 class=\"elementor-heading-title elementor-size-default\">We ensure safe and accessible mobility for all students, regardless of their special needs.<\/h2>\t\t\t\t<\/div>\n\t\t\t\t<\/div>\n\t\t\t\t<div class=\"elementor-element elementor-element-54b9752 elementor-widget elementor-widget-text-editor\" data-id=\"54b9752\" data-element_type=\"widget\" data-widget_type=\"text-editor.default\">\n\t\t\t\t<div class=\"elementor-widget-container\">\n\t\t\t\t\t\t\t\t\t<p>A familiar face and a safe environment are essential to the well-being of our students. With an assigned driver and adapted equipment, we promote their peace of mind and confidence.<\/p>\t\t\t\t\t\t\t\t<\/div>\n\t\t\t\t<\/div>\n\t\t\t\t<div class=\"elementor-element elementor-element-7f08c04 elementor-widget elementor-widget-text-editor\" data-id=\"7f08c04\" data-element_type=\"widget\" data-widget_type=\"text-editor.default\">\n\t\t\t\t<div class=\"elementor-widget-container\">\n\t\t\t\t\t\t\t\t\t<ul><li style=\"text-align: left;\"><h6>Adapted vehicles, cutting-edge technology and constant monitoring: the formula for safe and reliable school transportation<\/h6><\/li><li style=\"text-align: left;\"><h6>Adaptive transport. Individual needs. Customized solutions.<\/h6><\/li><li style=\"text-align: left;\"><h6>\u00a0A dedicated director for each student. With the same driver every day, we can offer more personalized attention tailored to the needs of each student.<\/h6><\/li><\/ul>\t\t\t\t\t\t\t\t<\/div>\n\t\t\t\t<\/div>\n\t\t\t\t\t<\/div>\n\t\t\t\t<\/div>\n\t\t\t\t<div class=\"elementor-element elementor-element-d39881f elementor-widget elementor-widget-image\" data-id=\"d39881f\" data-element_type=\"widget\" data-widget_type=\"image.default\">\n\t\t\t\t<div class=\"elementor-widget-container\">\n\t\t\t\t\t\t\t\t\t\t\t\t\t\t\t<img fetchpriority=\"high\" decoding=\"async\" width=\"750\" height=\"500\" src=\"https:\/\/healthyproductsllc.com\/wp-content\/uploads\/2024\/08\/Bus-driver-pana-1.png\" class=\"attachment-large size-large wp-image-1701\" alt=\"\" srcset=\"https:\/\/healthyproductsllc.com\/wp-content\/uploads\/2024\/08\/Bus-driver-pana-1.png 750w, https:\/\/healthyproductsllc.com\/wp-content\/uploads\/2024\/08\/Bus-driver-pana-1-300x200.png 300w\" sizes=\"(max-width: 750px) 100vw, 750px\" \/>\t\t\t\t\t\t\t\t\t\t\t\t\t\t\t<\/div>\n\t\t\t\t<\/div>\n\t\t\t\t<\/div>\n\t\t\t\t\t<\/div>\n\t\t\t\t<\/div>\n\t\t\t\t<\/div>\n\t\t","protected":false},"excerpt":{"rendered":"<p>School mobility: solutions for students with specific requirements. Safe Drive Services\u00a0 Tu socio en el transporte escolar personalizado para ni\u00f1os con necesidades especiales. Nuestros veh\u00edculos de peque\u00f1a capacidad garantizan una atenci\u00f3n individualizada y segura. We ensure safe and accessible mobility for all students, regardless of their special needs. A familiar face and a safe environment [&hellip;]<\/p>\n","protected":false},"author":1,"featured_media":0,"parent":0,"menu_order":0,"comment_status":"closed","ping_status":"closed","template":"full-width.php","meta":{"_acf_changed":false,"footnotes":""},"class_list":["post-63","page","type-page","status-publish","hentry"],"acf":[],"_links":{"self":[{"href":"https:\/\/healthyproductsllc.com\/index.php\/wp-json\/wp\/v2\/pages\/63","targetHints":{"allow":["GET"]}}],"collection":[{"href":"https:\/\/healthyproductsllc.com\/index.php\/wp-json\/wp\/v2\/pages"}],"about":[{"href":"https:\/\/healthyproductsllc.com\/index.php\/wp-json\/wp\/v2\/types\/page"}],"author":[{"embeddable":true,"href":"https:\/\/healthyproductsllc.com\/index.php\/wp-json\/wp\/v2\/users\/1"}],"replies":[{"embeddable":true,"href":"https:\/\/healthyproductsllc.com\/index.php\/wp-json\/wp\/v2\/comments?post=63"}],"version-history":[{"count":7,"href":"https:\/\/healthyproductsllc.com\/index.php\/wp-json\/wp\/v2\/pages\/63\/revisions"}],"predecessor-version":[{"id":1714,"href":"https:\/\/healthyproductsllc.com\/index.php\/wp-json\/wp\/v2\/pages\/63\/revisions\/1714"}],"wp:attachment":[{"href":"https:\/\/healthyproductsllc.com\/index.php\/wp-json\/wp\/v2\/media?parent=63"}],"curies":[{"name":"wp","href":"https:\/\/api.w.org\/{rel}","templated":true}]}}